{"id":329,"date":"2022-10-01T15:24:56","date_gmt":"2022-10-01T15:24:56","guid":{"rendered":"http:\/\/thewebfabricator.com\/politica-de-privacidad\/"},"modified":"2023-12-10T01:11:06","modified_gmt":"2023-12-10T01:11:06","slug":"politica-de-privacidad","status":"publish","type":"page","link":"https:\/\/thewebfabricator.com\/es\/politica-de-privacidad\/","title":{"rendered":"Pol\u00edtica de Privacidad"},"content":{"rendered":"<p>[et_pb_section fb_built=\u00bb1&#8243; admin_label=\u00bbsection\u00bb _builder_version=\u00bb4.18.0&#8243; background_color=\u00bb#000000&#8243; global_colors_info=\u00bb{}\u00bb][et_pb_row admin_label=\u00bbrow\u00bb _builder_version=\u00bb4.16&#8243; background_size=\u00bbinitial\u00bb background_position=\u00bbtop_left\u00bb background_repeat=\u00bbrepeat\u00bb global_colors_info=\u00bb{}\u00bb][et_pb_column type=\u00bb4_4&#8243; _builder_version=\u00bb4.16&#8243; custom_padding=\u00bb|||\u00bb global_colors_info=\u00bb{}\u00bb custom_padding__hover=\u00bb|||\u00bb][et_pb_text admin_label=\u00bbText\u00bb _builder_version=\u00bb4.18.0&#8243; background_size=\u00bbinitial\u00bb background_position=\u00bbtop_left\u00bb background_repeat=\u00bbrepeat\u00bb background_layout=\u00bbdark\u00bb global_colors_info=\u00bb{}\u00bb]<\/p>\n<h1>Pol\u00edtica de Privacidad para The Web Fabricator<\/h1>\n<p>En The Web Fabricator, accesible desde http:\/\/thewebfabricator.com, una de nuestras principales prioridades es la privacidad de nuestros visitantes. Este documento de Pol\u00edtica de privacidad contiene tipos de informaci\u00f3n que The Web Fabricator recopila y registra y c\u00f3mo la usamos.<\/p>\n<p>Si tienes preguntas adicionales o requieres m\u00e1s informaci\u00f3n sobre nuestra Pol\u00edtica de Privacidad, no dudes en contactarnos.<\/p>\n<p>Esta Pol\u00edtica de Privacidad se aplica \u00fanicamente a nuestras actividades en l\u00ednea y es v\u00e1lida para los visitantes de nuestro sitio web con respecto a la informaci\u00f3n que compartieron y\/o recopilaron en The Web Fabricator. Esta pol\u00edtica no se aplica a ninguna informaci\u00f3n recopilada fuera de l\u00ednea o a trav\u00e9s de canales distintos de este sitio web.<\/p>\n<h2><\/h2>\n<h2><\/h2>\n<h2><\/h2>\n<h2>Aceptaci\u00f3n <\/h2>\n<p>Al utilizar nuestro sitio web, por la presente usted acepta nuestra Pol\u00edtica de privacidad y acepta sus t\u00e9rminos.<\/p>\n<h2><\/h2>\n<h2><\/h2>\n<h2>Informaci\u00f3n que recopilamos<\/h2>\n<p>La informaci\u00f3n personal que solicitamos y los motivos por los que \u00e9sta se solicita se aclarar\u00e1n en el momento en el que \u00e9sta sea solicitada.<\/p>\n<p>Si te comunicas con nosotros directamente, podemos recibir informaci\u00f3n adicional sobre ti, como tu nombre, direcci\u00f3n de correo electr\u00f3nico, n\u00famero de tel\u00e9fono, el contenido del mensaje y\/o los archivos adjuntos que puedas enviarnos y cualquier otra informaci\u00f3n que elijas proporcionar.<\/p>\n<h2><\/h2>\n<h2><\/h2>\n<h2>C\u00f3mo utilizamos tu informaci\u00f3n<\/h2>\n<p> Usamos la informaci\u00f3n que recopilamos de varias maneras, incluyendo:<\/p>\n<ul>\n<li>Proveer, operar y mantener nuestro sitio web.<\/li>\n<li>Mejorar, personalizar y ampliar nuestro sitio web.<\/li>\n<li>Comprender y analizar c\u00f3mo es utilizado nuestro sitio web<\/li>\n<li>Desarrollar nuevos productos, servicios, caracter\u00edsticas y funcionalidades.<\/li>\n<li>Comunicarnos contigo, ya sea directamente o a trav\u00e9s de uno de nuestros socios, incluso para servicio al cliente, para brindarte actualizaciones y otra informaci\u00f3n relacionada con el sitio web y con fines promocionales y de marketing.<\/li>\n<li>Enviarte correos electr\u00f3nicos.<\/li>\n<li>Detectar y prevenir fraudes.<\/li>\n<\/ul>\n<h2><\/h2>\n<h2><\/h2>\n<h2>Archivos de registro.<\/h2>\n<p>The Web Fabricator sigue un procedimiento est\u00e1ndar de uso de archivos de registro. Estos archivos registran las visitas a nuestro sitio web. Todas las empresas de hosting hacen esto y forman parte del an\u00e1lisis de los servicios de hosting. La informaci\u00f3n recopilada por los archivos de registro incluye direcciones de protocolo de Internet (IP), tipo de navegador, proveedor de servicios de Internet (ISP), marca de fecha y hora, p\u00e1ginas de referencia\/salida y posiblemente la cantidad de clics. Estos registros no est\u00e1n vinculados a ninguna informaci\u00f3n que sea de identificaci\u00f3n personal. El prop\u00f3sito de la informaci\u00f3n es analizar tendencias, administrar el sitio, rastrear el movimiento de los usuarios en el sitio web y recopilar informaci\u00f3n demogr\u00e1fica.<\/p>\n<h2><\/h2>\n<h2><\/h2>\n<h2>Cookies y balizas web<\/h2>\n<p>Como cualquier otro sitio web, The Web Fabricator utiliza &#8216;cookies&#8217;. Estas cookies se utilizan para almacenar informaci\u00f3n, incluidas las preferencias de los visitantes y las p\u00e1ginas del sitio web a las que el visitante accedi\u00f3 o visit\u00f3. La informaci\u00f3n se utiliza para optimizar la experiencia de los usuarios personalizando el contenido de nuestra p\u00e1gina web seg\u00fan el tipo de navegador de los visitantes y\/u otra informaci\u00f3n.<\/p>\n<h2><\/h2>\n<h2><\/h2>\n<h2>Pol\u00edticas de privacidad de los socios publicitarios<\/h2>\n<p>Puedes consultar esta lista para encontrar la Pol\u00edtica de Privacidad de cada uno de los socios publicitarios de The Web Fabricator.<\/p>\n<p>Los servidores o redes publicitarias de terceros utilizan tecnolog\u00edas como cookies, JavaScript o Web Beacons que se utilizan en sus respectivos anuncios y enlaces que aparecen en The Web Fabricator, que se env\u00edan directamente al navegador de los usuarios. Reciben autom\u00e1ticamente la direcci\u00f3n IP del usuario cuando esto ocurre. Estas tecnolog\u00edas se utilizan para medir la efectividad de sus campa\u00f1as publicitarias y\/o para personalizar el contenido publicitario que aparecen en los sitios web que visitas.<\/p>\n<p>Ten en cuenta que The Web Fabricator no tiene acceso ni control sobre estas cookies que utilizan los anunciantes externos.<\/p>\n<h2><\/h2>\n<h2><\/h2>\n<h2>Pol\u00edticas de privacidad de terceros<\/h2>\n<p>La Pol\u00edtica de privacidad de Web Fabricator no se aplica a otros anunciantes o sitios web. Por lo tanto, te recomendamos que consultes las respectivas Pol\u00edticas de Privacidad de estos servidores de anuncios de terceros para obtener informaci\u00f3n m\u00e1s detallada. \u00c9sta puede incluir sus pr\u00e1cticas e instrucciones sobre c\u00f3mo excluirse de determinadas opciones.<\/p>\n<p>Puedes optar por desactivar las cookies a trav\u00e9s de las opciones individuales de tu navegador. Para conocer informaci\u00f3n m\u00e1s detallada sobre la gesti\u00f3n de cookies con navegadores web espec\u00edficos, puedes encontrarla en los sitios web respectivos de los navegadores.<\/p>\n<h2><\/h2>\n<h2><\/h2>\n<h2>Derechos de privacidad CCPA (no vender mi informaci\u00f3n personal)<\/h2>\n<p>Seg\u00fan la CCPA, entre otros derechos, los consumidores de California tienen derecho a:<\/p>\n<p>Solicitar que una empresa que recopila datos personales de un consumidor revele las categor\u00edas y datos personales espec\u00edficos que una empresa ha recopilado sobre los consumidores.<\/p>\n<p>Solicitar que una empresa elimine cualquier dato personal sobre el consumidor que haya recopilado.<\/p>\n<p>Solicitar que una empresa que vende datos personales de un consumidor no venda los datos personales del consumidor.<\/p>\n<p>Si realizas una solicitud relacionada con la CCPA, tenemos un mes para responderte. Si deseas ejercer alguno de estos derechos, p\u00f3nte en contacto con nosotros.<\/p>\n<h2><\/h2>\n<h2><\/h2>\n<h2>Derechos de protecci\u00f3n de datos GDPR<\/h2>\n<p>Nos gustar\u00eda asegurarnos de que conoces plenamente todos tus derechos de protecci\u00f3n de datos. Todo usuario tiene derecho a lo siguiente:<\/p>\n<p>El derecho de acceso \u2013 Tienes derecho a solicitar copias de tus datos personales. Es posible que le cobremos una peque\u00f1a tarifa por este servicio.<\/p>\n<p>Derecho a rectificaci\u00f3n: Tienes derecho a solicitar que corrijamos cualquier informaci\u00f3n que considere inexacta. Tambi\u00e9n tienes derecho a solicitar que completemos la informaci\u00f3n que creas que est\u00e1 incompleta.<\/p>\n<p>El derecho de eliminaci\u00f3n: tienes derecho a solicitar que eliminemos tus datos personales, bajo ciertas condiciones.<\/p>\n<p>El derecho a restringir el procesamiento: Tienes derecho a solicitar que restrinjamos el procesamiento de tus datos personales, bajo ciertas condiciones.<\/p>\n<p>El derecho a oponerse al procesamiento: Tienes derecho a oponerse a nuestro procesamiento de tus datos personales, bajo ciertas condiciones.<\/p>\n<p>El derecho a la portabilidad de los datos: Tienes derecho a solicitar que transfiramos los datos que hemos recopilado a otra organizaci\u00f3n, o directamente a ti, bajo ciertas condiciones.<\/p>\n<p>Si realizas una solicitud relacionada con la GDPR, tenemos un mes para responderte. Si deseas ejercer alguno de estos derechos, p\u00f3nte en contacto con nosotros.<\/p>\n<h2><\/h2>\n<h2><\/h2>\n<h2>Informaci\u00f3n referente a ni\u00f1os<\/h2>\n<p>Otra parte de nuestra prioridad es agregar protecci\u00f3n para los ni\u00f1os mientras usan Internet. Alentamos a los padres y tutores a observar, participar y\/o monitorear y guiar su actividad en l\u00ednea.<\/p>\n<p>The Web Fabricator no recopila intencionalmente ninguna Informaci\u00f3n de Identificaci\u00f3n Personal de ni\u00f1os menores de 13 a\u00f1os. Si crees que tu hijo proporcion\u00f3 este tipo de informaci\u00f3n en nuestro sitio web, te recomendamos encarecidamente que te comuniques con nosotros de inmediato y haremos todo lo posible para eliminar r\u00e1pidamente dicha informaci\u00f3n de nuestros registros.<\/p>\n<p>[\/et_pb_text][\/et_pb_column][\/et_pb_row][et_pb_row _builder_version=\u00bb4.18.0&#8243; _module_preset=\u00bbdefault\u00bb global_colors_info=\u00bb{}\u00bb][et_pb_column type=\u00bb4_4&#8243; _builder_version=\u00bb4.18.0&#8243; _module_preset=\u00bbdefault\u00bb global_colors_info=\u00bb{}\u00bb][et_pb_button button_url=\u00bb@ET-DC@eyJkeW5hbWljIjp0cnVlLCJjb250ZW50IjoiaG9tZV91cmwiLCJzZXR0aW5ncyI6W119@\u00bb button_text=\u00bbVolver al Inicio\u00bb button_alignment=\u00bbcenter\u00bb _builder_version=\u00bb4.18.0&#8243; _dynamic_attributes=\u00bbbutton_url\u00bb _module_preset=\u00bbdefault\u00bb hover_enabled=\u00bb0&#8243; global_colors_info=\u00bb{}\u00bb custom_button=\u00bbon\u00bb button_text_color=\u00bb#FFFFFF\u00bb sticky_enabled=\u00bb0&#8243;][\/et_pb_button][\/et_pb_column][\/et_pb_row][\/et_pb_section]<\/p>\n","protected":false},"excerpt":{"rendered":"<p>Pol\u00edtica de Privacidad para The Web Fabricator En The Web Fabricator, accesible desde http:\/\/thewebfabricator.com, una de nuestras principales prioridades es la privacidad de nuestros visitantes. Este documento de Pol\u00edtica de privacidad contiene tipos de informaci\u00f3n que The Web Fabricator recopila y registra y c\u00f3mo la usamos. Si tienes preguntas adicionales o requieres m\u00e1s informaci\u00f3n sobre [&hellip;]<\/p>\n","protected":false},"author":1,"featured_media":0,"parent":0,"menu_order":0,"comment_status":"closed","ping_status":"closed","template":"","meta":{"_et_pb_use_builder":"on","_et_pb_old_content":"","_et_gb_content_width":"","footnotes":""},"class_list":["post-329","page","type-page","status-publish","hentry"],"yoast_head":"<!-- This site is optimized with the Yoast SEO plugin v26.2 - https:\/\/yoast.com\/wordpress\/plugins\/seo\/ -->\n<title>Pol\u00edtica de Privacidad - The Web Fabricator<\/title>\n<meta name=\"robots\" content=\"index, follow, max-snippet:-1, max-image-preview:large, max-video-preview:-1\" \/>\n<link rel=\"canonical\" href=\"https:\/\/thewebfabricator.com\/es\/politica-de-privacidad\/\" \/>\n<meta property=\"og:locale\" content=\"es_ES\" \/>\n<meta property=\"og:type\" content=\"article\" \/>\n<meta property=\"og:title\" content=\"Pol\u00edtica de Privacidad - The Web Fabricator\" \/>\n<meta property=\"og:description\" content=\"Pol\u00edtica de Privacidad para The Web Fabricator En The Web Fabricator, accesible desde http:\/\/thewebfabricator.com, una de nuestras principales prioridades es la privacidad de nuestros visitantes. Este documento de Pol\u00edtica de privacidad contiene tipos de informaci\u00f3n que The Web Fabricator recopila y registra y c\u00f3mo la usamos. Si tienes preguntas adicionales o requieres m\u00e1s informaci\u00f3n sobre [&hellip;]\" \/>\n<meta property=\"og:url\" content=\"https:\/\/thewebfabricator.com\/es\/politica-de-privacidad\/\" \/>\n<meta property=\"og:site_name\" content=\"The Web Fabricator\" \/>\n<meta property=\"article:modified_time\" content=\"2023-12-10T01:11:06+00:00\" \/>\n<meta name=\"twitter:card\" content=\"summary_large_image\" \/>\n<meta name=\"twitter:label1\" content=\"Tiempo de lectura\" \/>\n\t<meta name=\"twitter:data1\" content=\"7 minutos\" \/>\n<script type=\"application\/ld+json\" class=\"yoast-schema-graph\">{\"@context\":\"https:\/\/schema.org\",\"@graph\":[{\"@type\":\"WebPage\",\"@id\":\"https:\/\/thewebfabricator.com\/es\/politica-de-privacidad\/\",\"url\":\"https:\/\/thewebfabricator.com\/es\/politica-de-privacidad\/\",\"name\":\"Pol\u00edtica de Privacidad - The Web Fabricator\",\"isPartOf\":{\"@id\":\"https:\/\/thewebfabricator.com\/#website\"},\"datePublished\":\"2022-10-01T15:24:56+00:00\",\"dateModified\":\"2023-12-10T01:11:06+00:00\",\"breadcrumb\":{\"@id\":\"https:\/\/thewebfabricator.com\/es\/politica-de-privacidad\/#breadcrumb\"},\"inLanguage\":\"es\",\"potentialAction\":[{\"@type\":\"ReadAction\",\"target\":[\"https:\/\/thewebfabricator.com\/es\/politica-de-privacidad\/\"]}]},{\"@type\":\"BreadcrumbList\",\"@id\":\"https:\/\/thewebfabricator.com\/es\/politica-de-privacidad\/#breadcrumb\",\"itemListElement\":[{\"@type\":\"ListItem\",\"position\":1,\"name\":\"Home\",\"item\":\"https:\/\/thewebfabricator.com\/\"},{\"@type\":\"ListItem\",\"position\":2,\"name\":\"Pol\u00edtica de Privacidad\"}]},{\"@type\":\"WebSite\",\"@id\":\"https:\/\/thewebfabricator.com\/#website\",\"url\":\"https:\/\/thewebfabricator.com\/\",\"name\":\"The Web Fabricator\",\"description\":\"Web Design\",\"potentialAction\":[{\"@type\":\"SearchAction\",\"target\":{\"@type\":\"EntryPoint\",\"urlTemplate\":\"https:\/\/thewebfabricator.com\/?s={search_term_string}\"},\"query-input\":{\"@type\":\"PropertyValueSpecification\",\"valueRequired\":true,\"valueName\":\"search_term_string\"}}],\"inLanguage\":\"es\"}]}<\/script>\n<!-- \/ Yoast SEO plugin. -->","yoast_head_json":{"title":"Pol\u00edtica de Privacidad - The Web Fabricator","robots":{"index":"index","follow":"follow","max-snippet":"max-snippet:-1","max-image-preview":"max-image-preview:large","max-video-preview":"max-video-preview:-1"},"canonical":"https:\/\/thewebfabricator.com\/es\/politica-de-privacidad\/","og_locale":"es_ES","og_type":"article","og_title":"Pol\u00edtica de Privacidad - The Web Fabricator","og_description":"Pol\u00edtica de Privacidad para The Web Fabricator En The Web Fabricator, accesible desde http:\/\/thewebfabricator.com, una de nuestras principales prioridades es la privacidad de nuestros visitantes. Este documento de Pol\u00edtica de privacidad contiene tipos de informaci\u00f3n que The Web Fabricator recopila y registra y c\u00f3mo la usamos. Si tienes preguntas adicionales o requieres m\u00e1s informaci\u00f3n sobre [&hellip;]","og_url":"https:\/\/thewebfabricator.com\/es\/politica-de-privacidad\/","og_site_name":"The Web Fabricator","article_modified_time":"2023-12-10T01:11:06+00:00","twitter_card":"summary_large_image","twitter_misc":{"Tiempo de lectura":"7 minutos"},"schema":{"@context":"https:\/\/schema.org","@graph":[{"@type":"WebPage","@id":"https:\/\/thewebfabricator.com\/es\/politica-de-privacidad\/","url":"https:\/\/thewebfabricator.com\/es\/politica-de-privacidad\/","name":"Pol\u00edtica de Privacidad - The Web Fabricator","isPartOf":{"@id":"https:\/\/thewebfabricator.com\/#website"},"datePublished":"2022-10-01T15:24:56+00:00","dateModified":"2023-12-10T01:11:06+00:00","breadcrumb":{"@id":"https:\/\/thewebfabricator.com\/es\/politica-de-privacidad\/#breadcrumb"},"inLanguage":"es","potentialAction":[{"@type":"ReadAction","target":["https:\/\/thewebfabricator.com\/es\/politica-de-privacidad\/"]}]},{"@type":"BreadcrumbList","@id":"https:\/\/thewebfabricator.com\/es\/politica-de-privacidad\/#breadcrumb","itemListElement":[{"@type":"ListItem","position":1,"name":"Home","item":"https:\/\/thewebfabricator.com\/"},{"@type":"ListItem","position":2,"name":"Pol\u00edtica de Privacidad"}]},{"@type":"WebSite","@id":"https:\/\/thewebfabricator.com\/#website","url":"https:\/\/thewebfabricator.com\/","name":"The Web Fabricator","description":"Web Design","potentialAction":[{"@type":"SearchAction","target":{"@type":"EntryPoint","urlTemplate":"https:\/\/thewebfabricator.com\/?s={search_term_string}"},"query-input":{"@type":"PropertyValueSpecification","valueRequired":true,"valueName":"search_term_string"}}],"inLanguage":"es"}]}},"_links":{"self":[{"href":"https:\/\/thewebfabricator.com\/es\/wp-json\/wp\/v2\/pages\/329","targetHints":{"allow":["GET"]}}],"collection":[{"href":"https:\/\/thewebfabricator.com\/es\/wp-json\/wp\/v2\/pages"}],"about":[{"href":"https:\/\/thewebfabricator.com\/es\/wp-json\/wp\/v2\/types\/page"}],"author":[{"embeddable":true,"href":"https:\/\/thewebfabricator.com\/es\/wp-json\/wp\/v2\/users\/1"}],"replies":[{"embeddable":true,"href":"https:\/\/thewebfabricator.com\/es\/wp-json\/wp\/v2\/comments?post=329"}],"version-history":[{"count":2,"href":"https:\/\/thewebfabricator.com\/es\/wp-json\/wp\/v2\/pages\/329\/revisions"}],"predecessor-version":[{"id":331,"href":"https:\/\/thewebfabricator.com\/es\/wp-json\/wp\/v2\/pages\/329\/revisions\/331"}],"wp:attachment":[{"href":"https:\/\/thewebfabricator.com\/es\/wp-json\/wp\/v2\/media?parent=329"}],"curies":[{"name":"wp","href":"https:\/\/api.w.org\/{rel}","templated":true}]}}